{"id":7115,"date":"2019-11-21T10:28:22","date_gmt":"2019-11-21T09:28:22","guid":{"rendered":"https:\/\/bellevue.novaresa.website\/buchung\/"},"modified":"2025-05-23T11:09:42","modified_gmt":"2025-05-23T09:09:42","slug":"buchung","status":"publish","type":"page","link":"https:\/\/www.hotel-lebellevue.fr\/de\/buchung\/","title":{"rendered":"Buchung"},"content":{"rendered":"[vc_row type=&#8220;full_width_background&#8220; full_screen_row_position=&#8220;middle&#8220; column_margin=&#8220;default&#8220; column_direction=&#8220;default&#8220; column_direction_tablet=&#8220;default&#8220; column_direction_phone=&#8220;default&#8220; bg_color=&#8220;#f1f1f1&#8243; bg_image=&#8220;6176&#8243; bg_position=&#8220;center bottom&#8220; background_image_loading=&#8220;default&#8220; bg_repeat=&#8220;no-repeat&#8220; scene_position=&#8220;center&#8220; top_padding=&#8220;15%&#8220; bottom_padding=&#8220;7%&#8220; text_color=&#8220;dark&#8220; text_align=&#8220;left&#8220; row_border_radius=&#8220;none&#8220; row_border_radius_applies=&#8220;bg&#8220; overflow=&#8220;visible&#8220; class=&#8220;inner-head&#8220; id=&#8220;en-tete&#8220; color_overlay=&#8220;#0a0a0a&#8220; overlay_strength=&#8220;0.3&#8243; gradient_direction=&#8220;left_to_right&#8220; enable_shape_divider=&#8220;true&#8220; shape_divider_color=&#8220;#f1f1f1&#8243; shape_divider_position=&#8220;bottom&#8220; bg_image_animation=&#8220;none&#8220; shape_type=&#8220;curve&#8220; gradient_type=&#8220;default&#8220;][vc_column column_padding=&#8220;no-extra-padding&#8220; column_padding_tablet=&#8220;inherit&#8220; column_padding_phone=&#8220;inherit&#8220; column_padding_position=&#8220;all&#8220; column_element_direction_desktop=&#8220;default&#8220; column_element_spacing=&#8220;default&#8220; centered_text=&#8220;true&#8220; desktop_text_alignment=&#8220;default&#8220; tablet_text_alignment=&#8220;default&#8220; phone_text_alignment=&#8220;default&#8220; background_color_opacity=&#8220;1&#8243; background_hover_color_opacity=&#8220;1&#8243; column_backdrop_filter=&#8220;none&#8220; font_color=&#8220;#ffffff&#8220; column_shadow=&#8220;none&#8220; column_border_radius=&#8220;none&#8220; column_link_target=&#8220;_self&#8220; column_position=&#8220;default&#8220; gradient_direction=&#8220;left_to_right&#8220; overlay_strength=&#8220;0.3&#8243; width=&#8220;1\/1&#8243; tablet_width_inherit=&#8220;default&#8220; animation_type=&#8220;default&#8220; bg_image_animation=&#8220;none&#8220; border_type=&#8220;simple&#8220; column_border_width=&#8220;none&#8220; column_border_style=&#8220;solid&#8220;][vc_custom_heading text=&#8220;Buchung&#8220; font_container=&#8220;tag:h2|text_align:center|color:%23ffffff&#8220; use_theme_fonts=&#8220;yes&#8220;][vc_column_text]\n<p style=\"text-align: center;\">Wenn Sie direkt buchen, sparen Sie beim Preis f\u00fcr Ihren Aufenthalt und erm\u00f6glichen es uns, Ihnen einen besseren Service zu bieten, als wenn Sie \u00fcber andere Buchungsplattformen buchen.<\/p>\n[\/vc_column_text][\/vc_column][\/vc_row][vc_row type=&#8220;in_container&#8220; full_screen_row_position=&#8220;middle&#8220; column_margin=&#8220;default&#8220; column_direction=&#8220;default&#8220; column_direction_tablet=&#8220;default&#8220; column_direction_phone=&#8220;default&#8220; scene_position=&#8220;center&#8220; text_color=&#8220;dark&#8220; text_align=&#8220;left&#8220; row_border_radius=&#8220;none&#8220; row_border_radius_applies=&#8220;bg&#8220; overflow=&#8220;visible&#8220; overlay_strength=&#8220;0.3&#8243; gradient_direction=&#8220;left_to_right&#8220; shape_divider_position=&#8220;bottom&#8220; bg_image_animation=&#8220;none&#8220;][vc_column column_padding=&#8220;no-extra-padding&#8220; column_padding_tablet=&#8220;inherit&#8220; column_padding_phone=&#8220;inherit&#8220; column_padding_position=&#8220;all&#8220; column_element_direction_desktop=&#8220;default&#8220; column_element_spacing=&#8220;default&#8220; desktop_text_alignment=&#8220;default&#8220; tablet_text_alignment=&#8220;default&#8220; phone_text_alignment=&#8220;default&#8220; background_color_opacity=&#8220;1&#8243; background_hover_color_opacity=&#8220;1&#8243; column_backdrop_filter=&#8220;none&#8220; column_shadow=&#8220;none&#8220; column_border_radius=&#8220;none&#8220; column_link_target=&#8220;_self&#8220; column_position=&#8220;default&#8220; gradient_direction=&#8220;left_to_right&#8220; overlay_strength=&#8220;0.3&#8243; width=&#8220;1\/1&#8243; tablet_width_inherit=&#8220;default&#8220; animation_type=&#8220;default&#8220; bg_image_animation=&#8220;none&#8220; border_type=&#8220;simple&#8220; column_border_width=&#8220;none&#8220; column_border_style=&#8220;solid&#8220;][vc_raw_html]JTNDZGl2JTBBJTIwJTIwJTIwJTIwJTIwJTIwaWQlM0QlMjJub3ZhcmVzYS13aWRnZXQtcm9vdCUyMiUwQSUyMCUyMCUyMCUyMCUyMCUyMGRhdGEtaWRfZmlybSUzRCUyMjI4NDMlMjIlMEFkYXRhLWxhbmclM0QlMjJkZSUyMiUwQSUyMCUyMCUyMCUyMCUyMCUyMGRhdGEtaGVhZGVyLWJhY2tncm91bmQtY29sb3IlM0QlMjIlMjNkNDdiNWQlMjIlMEElMjAlMjAlMjAlMjAlMjAlMjBkYXRhLWFjY2VudC1jb2xvciUzRCUyMiUyMzUxYTM5MyUyMiUwQSUyMCUyMCUyMCUyMCUyMCUyMGRhdGEtc3F1YXJlLWJvcmRlci1yYWRpdXMlM0QlMjJmYWxzZSUyMiUwQSUyMCUyMCUyMCUyMCUzRSUzQyUyRmRpdiUzRSUwQSUyMCUyMCUyMCUyMCUzQ3NjcmlwdCUyMHR5cGUlM0QlMjJtb2R1bGUlMjIlMjBzcmMlM0QlMjJodHRwcyUzQSUyRiUyRnd3dy5ub3ZhcmVzYS5uZXQlMkZ3aWRnZXQlMkZ2MiUyRndpZGdldC5qcyUyMiUzRSUzQyUyRnNjcmlwdCUzRQ==[\/vc_raw_html][\/vc_column][\/vc_row][vc_row type=&#8220;full_width_background&#8220; full_screen_row_position=&#8220;middle&#8220; column_margin=&#8220;default&#8220; column_direction=&#8220;default&#8220; column_direction_tablet=&#8220;default&#8220; column_direction_phone=&#8220;default&#8220; bg_color=&#8220;#f1f1f1&#8243; scene_position=&#8220;center&#8220; top_padding=&#8220;7%&#8220; bottom_padding=&#8220;150&#8243; text_color=&#8220;light&#8220; text_align=&#8220;left&#8220; row_border_radius=&#8220;none&#8220; row_border_radius_applies=&#8220;bg&#8220; overflow=&#8220;visible&#8220; id=&#8220;footer_lbv&#8220; overlay_strength=&#8220;0.3&#8243; gradient_direction=&#8220;left_to_right&#8220; shape_divider_color=&#8220;#ffffff&#8220; shape_divider_position=&#8220;top&#8220; shape_divider_height=&#8220;80&#8243; bg_image_animation=&#8220;none&#8220; shape_type=&#8220;curve&#8220; gradient_type=&#8220;default&#8220;][vc_column column_padding=&#8220;no-extra-padding&#8220; column_padding_tablet=&#8220;inherit&#8220; column_padding_phone=&#8220;inherit&#8220; column_padding_position=&#8220;all&#8220; column_element_direction_desktop=&#8220;default&#8220; column_element_spacing=&#8220;default&#8220; desktop_text_alignment=&#8220;default&#8220; tablet_text_alignment=&#8220;default&#8220; phone_text_alignment=&#8220;default&#8220; background_color_opacity=&#8220;1&#8243; background_hover_color_opacity=&#8220;1&#8243; column_backdrop_filter=&#8220;none&#8220; column_shadow=&#8220;none&#8220; column_border_radius=&#8220;none&#8220; column_link_target=&#8220;_self&#8220; column_position=&#8220;default&#8220; gradient_direction=&#8220;left_to_right&#8220; overlay_strength=&#8220;0.3&#8243; width=&#8220;1\/1&#8243; tablet_width_inherit=&#8220;default&#8220; animation_type=&#8220;default&#8220; bg_image_animation=&#8220;none&#8220; border_type=&#8220;simple&#8220; column_border_width=&#8220;none&#8220; column_border_style=&#8220;solid&#8220; column_padding_type=&#8220;default&#8220; gradient_type=&#8220;default&#8220;][vc_raw_html]PGRpdiBpZD0ic29jaWFsLWkiPgo8YSBocmVmPSJodHRwczovL3d3dy5mYWNlYm9vay5jb20vaG90ZWxwbGFnZSIgdGFyZ2V0PSJfYmxhbmsiPgo8aSBjbGFzcz0iZmEtYnJhbmRzIGZhLWZhY2Vib29rLWYiPjwvaT48L2E+CjxhIGhyZWY9Imh0dHBzOi8vd3d3Lmluc3RhZ3JhbS5jb20vbGViZWxsZXZ1ZWhvdGVsLyIgdGFyZ2V0PSJfYmxhbmsiPgo8aSBjbGFzcz0iZmEtYnJhbmRzIGZhLWluc3RhZ3JhbSI+PC9pPjwvYT4KPC9kaXY+[\/vc_raw_html][vc_column_text css=&#8220;.vc_custom_1675774898861{margin-bottom: 50px !important;}&#8220;]\n<h5 style=\"text-align: center;\"><span style=\"color: #000000;\"><a style=\"color: #000000;\" href=\"https:\/\/bellevue.novaresa.website\/de\/rechtliche-hinweise\/\">Rechtliche Hinweise<\/a> &#8211; <a style=\"color: #000000;\" href=\"https:\/\/bellevue.novaresa.website\/de\/datenschutzrichtlinie\/\">Datenschutzrichtlinie<\/a> &#8211; <a style=\"color: #000000;\" href=\"\/cgv\/\">Allgemeine Gesch\u00e4ftsbedingungen<\/a><\/span><\/h5>\n<p style=\"text-align: center;\"><span style=\"color: #999999;\">Copyright 2023 H\u00f4tel Le Bellevue &#8211; Alle Rechte vorbehalten<\/span><\/p>\n[\/vc_column_text][\/vc_column][\/vc_row]\n","protected":false},"excerpt":{"rendered":"<p>[vc_row type=&#8220;full_width_background&#8220; full_screen_row_position=&#8220;middle&#8220; column_margin=&#8220;default&#8220; column_direction=&#8220;default&#8220; column_direction_tablet=&#8220;default&#8220; column_direction_phone=&#8220;default&#8220; bg_color=&#8220;#f1f1f1&#8243; bg_image=&#8220;6176&#8243; bg_position=&#8220;center bottom&#8220; background_image_loading=&#8220;default&#8220; bg_repeat=&#8220;no-repeat&#8220; scene_position=&#8220;center&#8220; top_padding=&#8220;15%&#8220; bottom_padding=&#8220;7%&#8220; text_color=&#8220;dark&#8220; text_align=&#8220;left&#8220; row_border_radius=&#8220;none&#8220; row_border_radius_applies=&#8220;bg&#8220; overflow=&#8220;visible&#8220; class=&#8220;inner-head&#8220; id=&#8220;en-tete&#8220; color_overlay=&#8220;#0a0a0a&#8220; overlay_strength=&#8220;0.3&#8243;&#8230;<\/p>\n","protected":false},"author":1,"featured_media":0,"parent":0,"menu_order":0,"comment_status":"closed","ping_status":"closed","template":"","meta":{"inline_featured_image":false,"footnotes":""},"class_list":["post-7115","page","type-page","status-publish"],"yoast_head":"<!-- This site is optimized with the Yoast SEO plugin v24.7 - https:\/\/yoast.com\/wordpress\/plugins\/seo\/ -->\n<title>Buchung - H\u00f4tel Le Bellevue<\/title>\n<meta name=\"robots\" content=\"index, follow, max-snippet:-1, max-image-preview:large, max-video-preview:-1\" \/>\n<link rel=\"canonical\" href=\"https:\/\/www.hotel-lebellevue.fr\/de\/buchung\/\" \/>\n<meta property=\"og:locale\" content=\"de_DE\" \/>\n<meta property=\"og:type\" content=\"article\" \/>\n<meta property=\"og:title\" content=\"Buchung - H\u00f4tel Le Bellevue\" \/>\n<meta property=\"og:description\" content=\"[vc_row type=&#8220;full_width_background&#8220; full_screen_row_position=&#8220;middle&#8220; column_margin=&#8220;default&#8220; column_direction=&#8220;default&#8220; column_direction_tablet=&#8220;default&#8220; column_direction_phone=&#8220;default&#8220; bg_color=&#8220;#f1f1f1&#8243; bg_image=&#8220;6176&#8243; bg_position=&#8220;center bottom&#8220; background_image_loading=&#8220;default&#8220; bg_repeat=&#8220;no-repeat&#8220; scene_position=&#8220;center&#8220; top_padding=&#8220;15%&#8220; bottom_padding=&#8220;7%&#8220; text_color=&#8220;dark&#8220; text_align=&#8220;left&#8220; row_border_radius=&#8220;none&#8220; row_border_radius_applies=&#8220;bg&#8220; overflow=&#8220;visible&#8220; class=&#8220;inner-head&#8220; id=&#8220;en-tete&#8220; color_overlay=&#8220;#0a0a0a&#8220; overlay_strength=&#8220;0.3&#8243;...\" \/>\n<meta property=\"og:url\" content=\"https:\/\/www.hotel-lebellevue.fr\/de\/buchung\/\" \/>\n<meta property=\"og:site_name\" content=\"H\u00f4tel Le Bellevue\" \/>\n<meta property=\"article:publisher\" content=\"https:\/\/www.facebook.com\/hotelplage\" \/>\n<meta property=\"article:modified_time\" content=\"2025-05-23T09:09:42+00:00\" \/>\n<meta name=\"twitter:card\" content=\"summary_large_image\" \/>\n<meta name=\"twitter:label1\" content=\"Gesch\u00e4tzte Lesezeit\" \/>\n\t<meta name=\"twitter:data1\" content=\"2\u00a0Minuten\" \/>\n<script type=\"application\/ld+json\" class=\"yoast-schema-graph\">{\"@context\":\"https:\/\/schema.org\",\"@graph\":[{\"@type\":\"WebPage\",\"@id\":\"https:\/\/www.hotel-lebellevue.fr\/de\/buchung\/\",\"url\":\"https:\/\/www.hotel-lebellevue.fr\/de\/buchung\/\",\"name\":\"Buchung - H\u00f4tel Le Bellevue\",\"isPartOf\":{\"@id\":\"https:\/\/www.hotel-lebellevue.fr\/#website\"},\"datePublished\":\"2019-11-21T09:28:22+00:00\",\"dateModified\":\"2025-05-23T09:09:42+00:00\",\"breadcrumb\":{\"@id\":\"https:\/\/www.hotel-lebellevue.fr\/de\/buchung\/#breadcrumb\"},\"inLanguage\":\"de\",\"potentialAction\":[{\"@type\":\"ReadAction\",\"target\":[\"https:\/\/www.hotel-lebellevue.fr\/de\/buchung\/\"]}]},{\"@type\":\"BreadcrumbList\",\"@id\":\"https:\/\/www.hotel-lebellevue.fr\/de\/buchung\/#breadcrumb\",\"itemListElement\":[{\"@type\":\"ListItem\",\"position\":1,\"name\":\"Accueil\",\"item\":\"https:\/\/www.hotel-lebellevue.fr\/de\/\"},{\"@type\":\"ListItem\",\"position\":2,\"name\":\"Buchung\"}]},{\"@type\":\"WebSite\",\"@id\":\"https:\/\/www.hotel-lebellevue.fr\/#website\",\"url\":\"https:\/\/www.hotel-lebellevue.fr\/\",\"name\":\"H\u00f4tel Le Bellevue\",\"description\":\"Un h\u00f4tel au Cap d&#039;Agde\",\"publisher\":{\"@id\":\"https:\/\/www.hotel-lebellevue.fr\/#organization\"},\"potentialAction\":[{\"@type\":\"SearchAction\",\"target\":{\"@type\":\"EntryPoint\",\"urlTemplate\":\"https:\/\/www.hotel-lebellevue.fr\/?s={search_term_string}\"},\"query-input\":{\"@type\":\"PropertyValueSpecification\",\"valueRequired\":true,\"valueName\":\"search_term_string\"}}],\"inLanguage\":\"de\"},{\"@type\":\"Organization\",\"@id\":\"https:\/\/www.hotel-lebellevue.fr\/#organization\",\"name\":\"H\u00f4tel Bellevue\",\"url\":\"https:\/\/www.hotel-lebellevue.fr\/\",\"logo\":{\"@type\":\"ImageObject\",\"inLanguage\":\"de\",\"@id\":\"https:\/\/www.hotel-lebellevue.fr\/#\/schema\/logo\/image\/\",\"url\":\"https:\/\/www.hotel-lebellevue.fr\/wp-content\/uploads\/2023\/03\/Bellevue-Hotel-Logo-Colored.png\",\"contentUrl\":\"https:\/\/www.hotel-lebellevue.fr\/wp-content\/uploads\/2023\/03\/Bellevue-Hotel-Logo-Colored.png\",\"width\":1699,\"height\":3514,\"caption\":\"H\u00f4tel Bellevue\"},\"image\":{\"@id\":\"https:\/\/www.hotel-lebellevue.fr\/#\/schema\/logo\/image\/\"},\"sameAs\":[\"https:\/\/www.facebook.com\/hotelplage\",\"https:\/\/www.instagram.com\/lebellevuehotel\/\"]}]}<\/script>\n<!-- \/ Yoast SEO plugin. -->","yoast_head_json":{"title":"Buchung - H\u00f4tel Le Bellevue","robots":{"index":"index","follow":"follow","max-snippet":"max-snippet:-1","max-image-preview":"max-image-preview:large","max-video-preview":"max-video-preview:-1"},"canonical":"https:\/\/www.hotel-lebellevue.fr\/de\/buchung\/","og_locale":"de_DE","og_type":"article","og_title":"Buchung - H\u00f4tel Le Bellevue","og_description":"[vc_row type=&#8220;full_width_background&#8220; full_screen_row_position=&#8220;middle&#8220; column_margin=&#8220;default&#8220; column_direction=&#8220;default&#8220; column_direction_tablet=&#8220;default&#8220; column_direction_phone=&#8220;default&#8220; bg_color=&#8220;#f1f1f1&#8243; bg_image=&#8220;6176&#8243; bg_position=&#8220;center bottom&#8220; background_image_loading=&#8220;default&#8220; bg_repeat=&#8220;no-repeat&#8220; scene_position=&#8220;center&#8220; top_padding=&#8220;15%&#8220; bottom_padding=&#8220;7%&#8220; text_color=&#8220;dark&#8220; text_align=&#8220;left&#8220; row_border_radius=&#8220;none&#8220; row_border_radius_applies=&#8220;bg&#8220; overflow=&#8220;visible&#8220; class=&#8220;inner-head&#8220; id=&#8220;en-tete&#8220; color_overlay=&#8220;#0a0a0a&#8220; overlay_strength=&#8220;0.3&#8243;...","og_url":"https:\/\/www.hotel-lebellevue.fr\/de\/buchung\/","og_site_name":"H\u00f4tel Le Bellevue","article_publisher":"https:\/\/www.facebook.com\/hotelplage","article_modified_time":"2025-05-23T09:09:42+00:00","twitter_card":"summary_large_image","twitter_misc":{"Gesch\u00e4tzte Lesezeit":"2\u00a0Minuten"},"schema":{"@context":"https:\/\/schema.org","@graph":[{"@type":"WebPage","@id":"https:\/\/www.hotel-lebellevue.fr\/de\/buchung\/","url":"https:\/\/www.hotel-lebellevue.fr\/de\/buchung\/","name":"Buchung - H\u00f4tel Le Bellevue","isPartOf":{"@id":"https:\/\/www.hotel-lebellevue.fr\/#website"},"datePublished":"2019-11-21T09:28:22+00:00","dateModified":"2025-05-23T09:09:42+00:00","breadcrumb":{"@id":"https:\/\/www.hotel-lebellevue.fr\/de\/buchung\/#breadcrumb"},"inLanguage":"de","potentialAction":[{"@type":"ReadAction","target":["https:\/\/www.hotel-lebellevue.fr\/de\/buchung\/"]}]},{"@type":"BreadcrumbList","@id":"https:\/\/www.hotel-lebellevue.fr\/de\/buchung\/#breadcrumb","itemListElement":[{"@type":"ListItem","position":1,"name":"Accueil","item":"https:\/\/www.hotel-lebellevue.fr\/de\/"},{"@type":"ListItem","position":2,"name":"Buchung"}]},{"@type":"WebSite","@id":"https:\/\/www.hotel-lebellevue.fr\/#website","url":"https:\/\/www.hotel-lebellevue.fr\/","name":"H\u00f4tel Le Bellevue","description":"Un h\u00f4tel au Cap d&#039;Agde","publisher":{"@id":"https:\/\/www.hotel-lebellevue.fr\/#organization"},"potentialAction":[{"@type":"SearchAction","target":{"@type":"EntryPoint","urlTemplate":"https:\/\/www.hotel-lebellevue.fr\/?s={search_term_string}"},"query-input":{"@type":"PropertyValueSpecification","valueRequired":true,"valueName":"search_term_string"}}],"inLanguage":"de"},{"@type":"Organization","@id":"https:\/\/www.hotel-lebellevue.fr\/#organization","name":"H\u00f4tel Bellevue","url":"https:\/\/www.hotel-lebellevue.fr\/","logo":{"@type":"ImageObject","inLanguage":"de","@id":"https:\/\/www.hotel-lebellevue.fr\/#\/schema\/logo\/image\/","url":"https:\/\/www.hotel-lebellevue.fr\/wp-content\/uploads\/2023\/03\/Bellevue-Hotel-Logo-Colored.png","contentUrl":"https:\/\/www.hotel-lebellevue.fr\/wp-content\/uploads\/2023\/03\/Bellevue-Hotel-Logo-Colored.png","width":1699,"height":3514,"caption":"H\u00f4tel Bellevue"},"image":{"@id":"https:\/\/www.hotel-lebellevue.fr\/#\/schema\/logo\/image\/"},"sameAs":["https:\/\/www.facebook.com\/hotelplage","https:\/\/www.instagram.com\/lebellevuehotel\/"]}]}},"_links":{"self":[{"href":"https:\/\/www.hotel-lebellevue.fr\/de\/wp-json\/wp\/v2\/pages\/7115","targetHints":{"allow":["GET"]}}],"collection":[{"href":"https:\/\/www.hotel-lebellevue.fr\/de\/wp-json\/wp\/v2\/pages"}],"about":[{"href":"https:\/\/www.hotel-lebellevue.fr\/de\/wp-json\/wp\/v2\/types\/page"}],"author":[{"embeddable":true,"href":"https:\/\/www.hotel-lebellevue.fr\/de\/wp-json\/wp\/v2\/users\/1"}],"replies":[{"embeddable":true,"href":"https:\/\/www.hotel-lebellevue.fr\/de\/wp-json\/wp\/v2\/comments?post=7115"}],"version-history":[{"count":7,"href":"https:\/\/www.hotel-lebellevue.fr\/de\/wp-json\/wp\/v2\/pages\/7115\/revisions"}],"predecessor-version":[{"id":7552,"href":"https:\/\/www.hotel-lebellevue.fr\/de\/wp-json\/wp\/v2\/pages\/7115\/revisions\/7552"}],"wp:attachment":[{"href":"https:\/\/www.hotel-lebellevue.fr\/de\/wp-json\/wp\/v2\/media?parent=7115"}],"curies":[{"name":"wp","href":"https:\/\/api.w.org\/{rel}","templated":true}]}}